{"id":56,"date":"2021-07-08T16:52:18","date_gmt":"2021-07-08T16:52:18","guid":{"rendered":"https:\/\/jnk.ch\/voyage\/?page_id=56"},"modified":"2021-07-08T16:52:18","modified_gmt":"2021-07-08T16:52:18","slug":"pour-nous-contacter","status":"publish","type":"page","link":"https:\/\/jnk.ch\/voyage\/index.php\/pour-nous-contacter\/","title":{"rendered":"Pour nous contacter"},"content":{"rendered":"\n<p>Le plus simple pour nous contacter est d&rsquo;utiliser l&rsquo;e-mail, que nous essaierons de relever au moins une fois par semaine. Sinon, vous pouvez aussi nous envoyer des SMS, Whatsapp et autres messages sur nos t\u00e9l\u00e9phones respectifs, tout en sachant que nous n&rsquo;auront pas forc\u00e9ment du r\u00e9seau partout \ud83d\ude09<\/p>\n","protected":false},"excerpt":{"rendered":"<p>Le plus simple pour nous contacter est d&rsquo;utiliser l&rsquo;e-mail, que nous essaierons de relever au moins une fois par semaine. Sinon, vous pouvez aussi nous envoyer des SMS, Whatsapp et autres messages sur nos t\u00e9l\u00e9phones respectifs, tout en sachant que nous n&rsquo;auront pas forc\u00e9ment du r\u00e9seau partout \ud83d\ude09<\/p>\n","protected":false},"author":1,"featured_media":0,"parent":0,"menu_order":0,"comment_status":"closed","ping_status":"closed","template":"","meta":{"footnotes":""},"class_list":["post-56","page","type-page","status-publish","hentry"],"yoast_head":"<!-- This site is optimized with the Yoast SEO plugin v18.5.1 - https:\/\/yoast.com\/wordpress\/plugins\/seo\/ -->\n<title>Pour nous contacter - La grande aventure...<\/title>\n<meta name=\"robots\" content=\"noindex, follow\" \/>\n<meta property=\"og:locale\" content=\"fr_FR\" \/>\n<meta property=\"og:type\" content=\"article\" \/>\n<meta property=\"og:title\" content=\"Pour nous contacter - La grande aventure...\" \/>\n<meta property=\"og:description\" content=\"Le plus simple pour nous contacter est d&rsquo;utiliser l&rsquo;e-mail, que nous essaierons de relever au moins une fois par semaine. Sinon, vous pouvez aussi nous envoyer des SMS, Whatsapp et autres messages sur nos t\u00e9l\u00e9phones respectifs, tout en sachant que nous n&rsquo;auront pas forc\u00e9ment du r\u00e9seau partout \ud83d\ude09\" \/>\n<meta property=\"og:url\" content=\"https:\/\/jnk.ch\/voyage\/index.php\/pour-nous-contacter\/\" \/>\n<meta property=\"og:site_name\" content=\"La grande aventure...\" \/>\n<meta name=\"twitter:card\" content=\"summary_large_image\" \/>\n<meta name=\"twitter:label1\" content=\"Dur\u00e9e de lecture estim\u00e9e\" \/>\n\t<meta name=\"twitter:data1\" content=\"1 minute\" \/>\n<script type=\"application\/ld+json\" class=\"yoast-schema-graph\">{\"@context\":\"https:\/\/schema.org\",\"@graph\":[{\"@type\":\"WebSite\",\"@id\":\"https:\/\/jnk.ch\/voyage\/#website\",\"url\":\"https:\/\/jnk.ch\/voyage\/\",\"name\":\"La grande aventure...\",\"description\":\"Suivez notre p\u00e9riple \u00e0 la d\u00e9couverte du vaste monde!\",\"potentialAction\":[{\"@type\":\"SearchAction\",\"target\":{\"@type\":\"EntryPoint\",\"urlTemplate\":\"https:\/\/jnk.ch\/voyage\/?s={search_term_string}\"},\"query-input\":\"required name=search_term_string\"}],\"inLanguage\":\"fr-FR\"},{\"@type\":\"WebPage\",\"@id\":\"https:\/\/jnk.ch\/voyage\/index.php\/pour-nous-contacter\/#webpage\",\"url\":\"https:\/\/jnk.ch\/voyage\/index.php\/pour-nous-contacter\/\",\"name\":\"Pour nous contacter - La grande aventure...\",\"isPartOf\":{\"@id\":\"https:\/\/jnk.ch\/voyage\/#website\"},\"datePublished\":\"2021-07-08T16:52:18+00:00\",\"dateModified\":\"2021-07-08T16:52:18+00:00\",\"breadcrumb\":{\"@id\":\"https:\/\/jnk.ch\/voyage\/index.php\/pour-nous-contacter\/#breadcrumb\"},\"inLanguage\":\"fr-FR\",\"potentialAction\":[{\"@type\":\"ReadAction\",\"target\":[\"https:\/\/jnk.ch\/voyage\/index.php\/pour-nous-contacter\/\"]}]},{\"@type\":\"BreadcrumbList\",\"@id\":\"https:\/\/jnk.ch\/voyage\/index.php\/pour-nous-contacter\/#breadcrumb\",\"itemListElement\":[{\"@type\":\"ListItem\",\"position\":1,\"name\":\"Accueil\",\"item\":\"https:\/\/jnk.ch\/voyage\/\"},{\"@type\":\"ListItem\",\"position\":2,\"name\":\"Pour nous contacter\"}]}]}<\/script>\n<!-- \/ Yoast SEO plugin. -->","yoast_head_json":{"title":"Pour nous contacter - La grande aventure...","robots":{"index":"noindex","follow":"follow"},"og_locale":"fr_FR","og_type":"article","og_title":"Pour nous contacter - La grande aventure...","og_description":"Le plus simple pour nous contacter est d&rsquo;utiliser l&rsquo;e-mail, que nous essaierons de relever au moins une fois par semaine. Sinon, vous pouvez aussi nous envoyer des SMS, Whatsapp et autres messages sur nos t\u00e9l\u00e9phones respectifs, tout en sachant que nous n&rsquo;auront pas forc\u00e9ment du r\u00e9seau partout \ud83d\ude09","og_url":"https:\/\/jnk.ch\/voyage\/index.php\/pour-nous-contacter\/","og_site_name":"La grande aventure...","twitter_card":"summary_large_image","twitter_misc":{"Dur\u00e9e de lecture estim\u00e9e":"1 minute"},"schema":{"@context":"https:\/\/schema.org","@graph":[{"@type":"WebSite","@id":"https:\/\/jnk.ch\/voyage\/#website","url":"https:\/\/jnk.ch\/voyage\/","name":"La grande aventure...","description":"Suivez notre p\u00e9riple \u00e0 la d\u00e9couverte du vaste monde!","potentialAction":[{"@type":"SearchAction","target":{"@type":"EntryPoint","urlTemplate":"https:\/\/jnk.ch\/voyage\/?s={search_term_string}"},"query-input":"required name=search_term_string"}],"inLanguage":"fr-FR"},{"@type":"WebPage","@id":"https:\/\/jnk.ch\/voyage\/index.php\/pour-nous-contacter\/#webpage","url":"https:\/\/jnk.ch\/voyage\/index.php\/pour-nous-contacter\/","name":"Pour nous contacter - La grande aventure...","isPartOf":{"@id":"https:\/\/jnk.ch\/voyage\/#website"},"datePublished":"2021-07-08T16:52:18+00:00","dateModified":"2021-07-08T16:52:18+00:00","breadcrumb":{"@id":"https:\/\/jnk.ch\/voyage\/index.php\/pour-nous-contacter\/#breadcrumb"},"inLanguage":"fr-FR","potentialAction":[{"@type":"ReadAction","target":["https:\/\/jnk.ch\/voyage\/index.php\/pour-nous-contacter\/"]}]},{"@type":"BreadcrumbList","@id":"https:\/\/jnk.ch\/voyage\/index.php\/pour-nous-contacter\/#breadcrumb","itemListElement":[{"@type":"ListItem","position":1,"name":"Accueil","item":"https:\/\/jnk.ch\/voyage\/"},{"@type":"ListItem","position":2,"name":"Pour nous contacter"}]}]}},"_links":{"self":[{"href":"https:\/\/jnk.ch\/voyage\/index.php\/wp-json\/wp\/v2\/pages\/56","targetHints":{"allow":["GET"]}}],"collection":[{"href":"https:\/\/jnk.ch\/voyage\/index.php\/wp-json\/wp\/v2\/pages"}],"about":[{"href":"https:\/\/jnk.ch\/voyage\/index.php\/wp-json\/wp\/v2\/types\/page"}],"author":[{"embeddable":true,"href":"https:\/\/jnk.ch\/voyage\/index.php\/wp-json\/wp\/v2\/users\/1"}],"replies":[{"embeddable":true,"href":"https:\/\/jnk.ch\/voyage\/index.php\/wp-json\/wp\/v2\/comments?post=56"}],"version-history":[{"count":1,"href":"https:\/\/jnk.ch\/voyage\/index.php\/wp-json\/wp\/v2\/pages\/56\/revisions"}],"predecessor-version":[{"id":58,"href":"https:\/\/jnk.ch\/voyage\/index.php\/wp-json\/wp\/v2\/pages\/56\/revisions\/58"}],"wp:attachment":[{"href":"https:\/\/jnk.ch\/voyage\/index.php\/wp-json\/wp\/v2\/media?parent=56"}],"curies":[{"name":"wp","href":"https:\/\/api.w.org\/{rel}","templated":true}]}}